{"id":170,"date":"2022-08-29T09:49:58","date_gmt":"2022-08-29T09:49:58","guid":{"rendered":"http:\/\/test.cas-chasseron.ch\/wordpress\/?page_id=170"},"modified":"2025-01-30T08:45:46","modified_gmt":"2025-01-30T07:45:46","slug":"annonceurs","status":"publish","type":"page","link":"https:\/\/cas-chasseron.ch\/index.php\/annonceurs\/","title":{"rendered":"Annonceurs"},"content":{"rendered":"\n<figure class=\"wp-block-table is-style-stripes\"><table class=\"has-fixed-layout\"><tbody><tr><td>A&amp;P Fiducaire SA<\/td><td><a href=\"https:\/\/www.local.ch\/fr\/d\/marin-epagnier\/2074\/fiduciaire\/a-p-fiduciaire-sa-01HLcNbgueOUQ4hUo-NnNA\">Lien Local.ch<\/a><\/td><\/tr><tr><td>AMS S\u00e0rl<\/td><td><a href=\"https:\/\/www.facebook.com\/Morganti16\/\">Page Facebook<\/a><\/td><\/tr><tr><td>AP Recyclage<\/td><td><a href=\"https:\/\/aprecyclage.ch\/\">Site internet<\/a><\/td><\/tr><tr><td>Auberge de Noiraigue<\/td><td><a href=\"https:\/\/aubergedenoiraigue.ch\/\">Site internet<\/a><\/td><\/tr><tr><td>\u00ab\u00a0Au P&rsquo;tit Moulin\u00a0\u00bb<\/td><td><a href=\"https:\/\/epicerie-au-p-tit-moulin.digitalone.site\/\">Site internet<\/a><\/td><\/tr><tr><td>Auto-Transports SA<\/td><td><a href=\"https:\/\/www.auto-transports.ch\">Site internet<\/a><\/td><\/tr><tr><td>Baillod-Python S\u00e0rl<\/td><td><a href=\"https:\/\/www.local.ch\/fr\/d\/boveresse\/2113\/entreprise-de-construction\/baillod-python-entreprise-de-construction-sarl-Z_JwhKyBTreX7eIAw4JgEQ\" target=\"_blank\" rel=\"noreferrer noopener\">Lien local.ch<\/a><\/td><\/tr><tr><td>Banque Cantonale Neuch\u00e2teloise<\/td><td><a href=\"https:\/\/www.bcn.ch\">Site internet<\/a><\/td><\/tr><tr><td>Bar \u00e0 caf\u00e9 La Tani\u00e8re<\/td><td><a href=\"https:\/\/www.local.ch\/fr\/d\/motiers\/2112\/bar-a-cafe-la-taniere-kull-catherine-uWhKGvK13cKy0ftdLRJkNQ\">Lien local.ch<\/a><\/td><\/tr><tr><td>Bezen\u00e7on Boissons S\u00e0rl<\/td><td><a href=\"https:\/\/www.bezencon-boissons.ch\">Site internet<\/a><\/td><\/tr><tr><td>Boucherie &#8211; Charcuterie \u00ab\u00a0Au Gourmet\u00a0\u00bb<\/td><td><a href=\"https:\/\/www.local.ch\/fr\/d\/fleurier\/2114\/boucherie\/au-gourmet-G1IdXubcAZWcIZ339Xcjtg\">Lien Local.ch<\/a><\/td><\/tr><tr><td>Boucherie Junod<\/td><td><a href=\"https:\/\/boucheriejunod.ch\/\">Site internet<\/a><\/td><\/tr><tr><td>Brasserie du March\u00e9<\/td><td><a href=\"https:\/\/brasseriedumarche.ch\/\">Site internet<\/a><\/td><\/tr><tr><td>Caf\u00e9-Restaurant des Cluds<\/td><td><a href=\"https:\/\/www.restaurantlescluds.ch\">Site internet<\/a><\/td><\/tr><tr><td>Caf\u00e9-Restaurant-Bar El Latino<\/td><td><a href=\"https:\/\/www.local.ch\/fr\/d\/ste-croix\/1450\/restaurant\/el-latino-b1795oQ8X-JCJbubixTWpA\">Lien Local.ch<\/a><\/td><\/tr><tr><td>Carrosserie Orsat<\/td><td><a href=\"https:\/\/www.local.ch\/fr\/d\/buttes\/2115\/carrosserie\/carrosserie-orsat-PJOaiO0xIsawRMKO_mOJ6g\" target=\"_blank\" rel=\"noreferrer noopener\">Lien local.ch<\/a><\/td><\/tr><tr><td>Cave des Viticulteurs de Bonvillars<\/td><td><a href=\"http:\/\/www.cavedebonvillars.ch\">Site internet<\/a><\/td><\/tr><tr><td>CDS Automobile<\/td><td><a href=\"https:\/\/www.cdsautomobiles.ch\/\">Site internet<\/a><\/td><\/tr><tr><td>Centre Fitness SAS<\/td><td><a href=\"https:\/\/www.centresas.ch\/\">Site internet<\/a><\/td><\/tr><tr><td>Chalet d&rsquo;alpage La Grandsonnaz-Dessus<\/td><td><a href=\"https:\/\/123resto.ch\/company\/restaurant-grandsonnaz-dessus\" target=\"_blank\" rel=\"noreferrer noopener\">Lien 123resto<\/a><\/td><\/tr><tr><td>Charly Kocher S\u00e0rl<\/td><td><a href=\"https:\/\/kocher-charly.digitalone.site\">Site internet<\/a><\/td><\/tr><tr><td>CFRP S\u00e0rl<\/td><td><a href=\"http:\/\/www.cfrp.ch\/\">Site internet<\/a><\/td><\/tr><tr><td>Coiffure MJ<\/td><td><a href=\"https:\/\/www.local.ch\/fr\/d\/fleurier\/2114\/coiffure\/mj-coiffure-jAgmR7PwFVqM4KG2CJIRpA\" target=\"_blank\" rel=\"noreferrer noopener\">Lien local.ch<\/a><\/td><\/tr><tr><td>Cr\u00eaperie Bach et Buck<\/td><td><a href=\"https:\/\/www.bachetbuck.ch\">Site internet<\/a><\/td><\/tr><tr><td>D\u00e9fi Montagne<\/td><td><a href=\"https:\/\/defi-montagne.ch\">Site internet<\/a><\/td><\/tr><tr><td>Distillerie du Val-de-Travers<br>Christophe Racine<\/td><td><a href=\"https:\/\/www.absinthemotiers.com\">Site internet<\/a><\/td><\/tr><tr><td>Domaine Saint-S\u00e9baste<\/td><td><a href=\"https:\/\/www.kuntzer.ch\">Site internet<\/a><\/td><\/tr><tr><td>Droguerie de Fleurier<\/td><td><a href=\"https:\/\/www.local.ch\/fr\/d\/fleurier\/2114\/droguerie\/droguerie-de-fleurier-oOz3XrPnOCOSlpGQHQIShA\" target=\"_blank\" rel=\"noreferrer noopener\">Lien local.ch<\/a><\/td><\/tr><tr><td>Economie Fidu S\u00e0rl<\/td><td><a href=\"https:\/\/www.economiefidu.ch\">Site internet<\/a><\/td><\/tr><tr><td>Elexa SA<\/td><td><a href=\"https:\/\/www.elexa.ch\">Site internet<\/a><\/td><\/tr><tr><td>Ennova SA<\/td><td><a href=\"https:\/\/www.ennova.ch\">Site internet<\/a><\/td><\/tr><tr><td>espaceVAL<\/td><td><a href=\"https:\/\/espaceval.ch\">Site internet<\/a><\/td><\/tr><tr><td>Fiduciaire Reymond SA<\/td><td><a href=\"https:\/\/www.fiduciaire-reymond.ch\">Site internet<\/a><\/td><\/tr><tr><td>Garage du Pr\u00e9<\/td><td><a href=\"https:\/\/garagedupre.ch\">Site internet<\/a><\/td><\/tr><tr><td>Garages Hotz SA<\/td><td><a href=\"https:\/\/garages-hotz.ch\">Site internet<\/a><\/td><\/tr><tr><td>H\u00f4tel du Chasseron<\/td><td><a href=\"https:\/\/www.chasseron.ch\">Site internet<\/a><\/td><\/tr><tr><td>H\u00f4tel Les Cernets<\/td><td><a href=\"https:\/\/www.hotel-lescernets.ch\">Site internet<\/a><\/td><\/tr><tr><td>Imprimerie Montandon<\/td><td><a href=\"http:\/\/www.courrierhebdo.ch\">Site internet<\/a><\/td><\/tr><tr><td>Jehle Paysagiste S\u00e0rl<\/td><td><a href=\"https:\/\/www.local.ch\/fr\/d\/fleurier\/2114\/paysagistes\/jehle-philippe-h6IcNCcUYEpGhKp8_BqFDQ\" target=\"_blank\" rel=\"noreferrer noopener\">Site internet<\/a><\/td><\/tr><tr><td>Job Time S\u00e0rl<\/td><td><a href=\"https:\/\/www.jobtime.ch\">Site internet<\/a><\/td><\/tr><tr><td>KF Energies S\u00e0rl<\/td><td><a href=\"https:\/\/www.kfenergies.ch\/\">Site internet<\/a><\/td><\/tr><tr><td>Kiosque de Couvet<\/td><td><a href=\"https:\/\/www.facebook.com\/kiosquedecouvet\/\">Page Facebook<\/a><\/td><\/tr><tr><td>La Mobili\u00e8re<\/td><td><a href=\"https:\/\/www.mobiliere.ch\">Site internet<\/a><\/td><\/tr><tr><td>Le B\u00f4le d&rsquo;Or<\/td><td><a href=\"https:\/\/www.boledor.ch\">Site internet<\/a><\/td><\/tr><tr><td>Le Jardin des F\u00e9es<\/td><td><a href=\"https:\/\/www.facebook.com\/search\/top\/?q=Le%20jardin%20des%20f%C3%A9es\">Page Facebook<\/a><\/td><\/tr><tr><td>Le P&rsquo;tit Mag de Val<\/td><td><a href=\"https:\/\/www.local.ch\/fr\/d\/st-sulpice-ne\/2123\/le-p-tit-mag-de-val-sarl-gRnySfkkUhVdwKWg-Sl-7g\">Lien local.ch<\/a><\/td><\/tr><tr><td>Menuiserie Schlaeppi SA<\/td><td><a href=\"https:\/\/www.local.ch\/fr\/d\/fleurier\/2114\/menuiserie\/menuiserie-schlaeppi-sa-uLe0_ZscwTOLsyWzwCE1lA\" target=\"_blank\" rel=\"noreferrer noopener\">Lien local.ch<\/a><\/td><\/tr><tr><td>Nicolas Wuilleret<br>Cours Rochers Glace<\/td><td><a href=\"https:\/\/think-climb-live.ch\/equipe\/nicolas-wuilleret\/\">Site internet<\/a><\/td><\/tr><tr><td>Optique Gargantini<\/td><td><a href=\"https:\/\/enviedevoir.ch\">Site internet<\/a><\/td><\/tr><tr><td>Pharmacie Plus<\/td><td><a href=\"https:\/\/www.pharmacieplus.ch\">Site internet<\/a><\/td><\/tr><tr><td>Pro Neige Sports<\/td><td><a href=\"https:\/\/www.proneige-sports.ch\">Site internet<\/a><\/td><\/tr><tr><td>Pub L&rsquo;Irlandais<\/td><td><a href=\"https:\/\/www.lirlandais.ch\">Site internet<\/a><\/td><\/tr><tr><td>Quincaillerie Jaquet<\/td><td><a href=\"https:\/\/quincaillerie-jaquet.ch\">Site internet<\/a><\/td><\/tr><tr><td>Racheter Fr\u00e8res<\/td><td><a href=\"https:\/\/www.racheterfreres.com\/\">Site internet<\/a><\/td><\/tr><tr><td>S. Pinto S\u00e0rl<\/td><td><a href=\"https:\/\/spinto.ch\">Site internet<\/a><\/td><\/tr><tr><td>Soci\u00e9t\u00e9 \u00e9lectrique du Val-de-Travers SA<\/td><td><a href=\"https:\/\/sevt.ch\">Site internet<\/a><\/td><\/tr><tr><td>Thi\u00e9baud Transports<\/td><td><a href=\"https:\/\/thiebaud-transports.ch\">Site internet<\/a><\/td><\/tr><tr><td>Valimmob<\/td><td><a href=\"https:\/\/www.valimmob.ch\/\" target=\"_blank\" rel=\"noreferrer noopener\">Site internet<\/a><\/td><\/tr><tr><td>Vertical Passion<\/td><td><a href=\"https:\/\/www.vertical-passion.ch\">Site internet<\/a><\/td><\/tr><tr><td>Voutilainen<\/td><td><a href=\"https:\/\/www.voutilainen.ch\">Site internet<\/a><\/td><\/tr><\/tbody><\/table><figcaption class=\"wp-element-caption\">Mis \u00e0 jour le 30 janvier 2025<\/figcaption><\/figure>\n","protected":false},"excerpt":{"rendered":"<p>A&amp;P Fiducaire SA Lien Local.ch AMS S\u00e0rl Page Facebook AP Recyclage Site internet Auberge de Noiraigue Site internet \u00ab\u00a0Au P&rsquo;tit Moulin\u00a0\u00bb Site internet Auto-Transports SA Site internet Baillod-Python S\u00e0rl Lien &hellip; <\/p>\n<p class=\"link-more\"><a href=\"https:\/\/cas-chasseron.ch\/index.php\/annonceurs\/\" class=\"more-link\">Continuer la lecture<span class=\"screen-reader-text\"> de &laquo;&nbsp;Annonceurs&nbsp;&raquo;<\/span><\/a><\/p>\n","protected":false},"author":1,"featured_media":0,"parent":0,"menu_order":0,"comment_status":"closed","ping_status":"closed","template":"","meta":{"footnotes":""},"class_list":["post-170","page","type-page","status-publish","hentry"],"_links":{"self":[{"href":"https:\/\/cas-chasseron.ch\/index.php\/wp-json\/wp\/v2\/pages\/170","targetHints":{"allow":["GET"]}}],"collection":[{"href":"https:\/\/cas-chasseron.ch\/index.php\/wp-json\/wp\/v2\/pages"}],"about":[{"href":"https:\/\/cas-chasseron.ch\/index.php\/wp-json\/wp\/v2\/types\/page"}],"author":[{"embeddable":true,"href":"https:\/\/cas-chasseron.ch\/index.php\/wp-json\/wp\/v2\/users\/1"}],"replies":[{"embeddable":true,"href":"https:\/\/cas-chasseron.ch\/index.php\/wp-json\/wp\/v2\/comments?post=170"}],"version-history":[{"count":7,"href":"https:\/\/cas-chasseron.ch\/index.php\/wp-json\/wp\/v2\/pages\/170\/revisions"}],"predecessor-version":[{"id":2211,"href":"https:\/\/cas-chasseron.ch\/index.php\/wp-json\/wp\/v2\/pages\/170\/revisions\/2211"}],"wp:attachment":[{"href":"https:\/\/cas-chasseron.ch\/index.php\/wp-json\/wp\/v2\/media?parent=170"}],"curies":[{"name":"wp","href":"https:\/\/api.w.org\/{rel}","templated":true}]}}