{"id":171,"date":"2022-08-29T09:49:58","date_gmt":"2022-08-29T09:49:58","guid":{"rendered":"http:\/\/test.cas-chasseron.ch\/wordpress\/?page_id=171"},"modified":"2025-12-02T09:22:44","modified_gmt":"2025-12-02T08:22:44","slug":"materiel-empruntable","status":"publish","type":"page","link":"https:\/\/cas-chasseron.ch\/index.php\/materiel-empruntable\/","title":{"rendered":"Mat\u00e9riel \u00e0 disposition de membres"},"content":{"rendered":"<p>Le pr\u00eat du mat\u00e9riel est r\u00e9serv\u00e9 \u00e0 nos membres.<\/p>\n<p><strong>Responsable mat\u00e9riel :<br \/><\/strong>Jean-Marie Leuba<br \/><a href=\"jeanmarie.leuba@gmail.com\">jeanmarie.leuba@gmail.com<\/a><br \/>+41 793 383 05 36<\/p>\n<p><code>\n<table id=\"tablepress-3\" class=\"tablepress tablepress-id-3\">\n<thead>\n<tr class=\"row-1\">\n\t<th class=\"column-1\">Nombre<\/th><th class=\"column-2\">Type <\/th><th class=\"column-3\">D\u00e9tails<\/th><th class=\"column-4\">Taille<\/th><th class=\"column-5\">Loc. 1 jr<\/th><th class=\"column-6\">Loc. 2 jrs<\/th><th class=\"column-7\">Loc. 1 sem.<\/th><th class=\"column-8\">Loc. + 1 sem.<\/th>\n<\/tr>\n<\/thead>\n<tbody class=\"row-striping row-hover\">\n<tr class=\"row-2\">\n\t<td class=\"column-1\">4<\/td><td class=\"column-2\">Kit Via Ferrata Taille 2 \"Adulte\"<\/td><td class=\"column-3\">Prix doubl\u00e9 pour les non-membres du CAS<\/td><td class=\"column-4\">Harnais, 2 (76-107 cm), casque M-L (53-61 cm)<\/td><td class=\"column-5\">7<\/td><td class=\"column-6\">10<\/td><td class=\"column-7\">20<\/td><td class=\"column-8\">13<\/td>\n<\/tr>\n<tr class=\"row-3\">\n\t<td class=\"column-1\">5<\/td><td class=\"column-2\">Kit Via Ferrata \"Enfant\"<\/td><td class=\"column-3\">Prix doubl\u00e9 pour les non-membres du CAS<\/td><td class=\"column-4\">Harnais, 1 (65-96 cm), casque M-L (53-61 cm)<\/td><td class=\"column-5\">7<\/td><td class=\"column-6\">10<\/td><td class=\"column-7\">20<\/td><td class=\"column-8\">13<\/td>\n<\/tr>\n<tr class=\"row-4\">\n\t<td class=\"column-1\">4<\/td><td class=\"column-2\">Casque<\/td><td class=\"column-3\">Mammut Skywalker 2 (2 blancs, 1 noir, 1 orange)<\/td><td class=\"column-4\">M-L (53-61 cm)<\/td><td class=\"column-5\">3<\/td><td class=\"column-6\">5<\/td><td class=\"column-7\">10<\/td><td class=\"column-8\">8<\/td>\n<\/tr>\n<tr class=\"row-5\">\n\t<td class=\"column-1\">3<\/td><td class=\"column-2\">Chaussons<\/td><td class=\"column-3\">Pour initiation (un peu \u00e2g\u00e9s)<\/td><td class=\"column-4\">41-42-43<\/td><td class=\"column-5\">Gratuit<\/td><td class=\"column-6\"><\/td><td class=\"column-7\"><\/td><td class=\"column-8\"><\/td>\n<\/tr>\n<tr class=\"row-6\">\n\t<td class=\"column-1\">2<\/td><td class=\"column-2\">Corde \u00e0 simple<\/td><td class=\"column-3\">Mammut 9.8, orange<\/td><td class=\"column-4\">70m<\/td><td class=\"column-5\">8<\/td><td class=\"column-6\">13<\/td><td class=\"column-7\">25<\/td><td class=\"column-8\">15<\/td>\n<\/tr>\n<tr class=\"row-7\">\n\t<td class=\"column-1\">2<\/td><td class=\"column-2\">Sac \u00e0 corde<\/td><td class=\"column-3\">Mammut Corde Bag noir<\/td><td class=\"column-4\"><\/td><td class=\"column-5\">Gratuit avec corde<\/td><td class=\"column-6\"><\/td><td class=\"column-7\"><\/td><td class=\"column-8\"><\/td>\n<\/tr>\n<tr class=\"row-8\">\n\t<td class=\"column-1\">3<\/td><td class=\"column-2\">Harnais Taille 1 \"Enfant\"<\/td><td class=\"column-3\">Petzl Corax<\/td><td class=\"column-4\">Taille 1 (65-96 cm)<\/td><td class=\"column-5\">3<\/td><td class=\"column-6\">5<\/td><td class=\"column-7\">10<\/td><td class=\"column-8\">8<\/td>\n<\/tr>\n<tr class=\"row-9\">\n\t<td class=\"column-1\">1 <\/td><td class=\"column-2\">Harnais Taille 2 \"Adulte\"<\/td><td class=\"column-3\">Petzl Corax<\/td><td class=\"column-4\">Taille 2 (76-106 cm)<\/td><td class=\"column-5\">3<\/td><td class=\"column-6\">5<\/td><td class=\"column-7\">10<\/td><td class=\"column-8\">8<\/td>\n<\/tr>\n<tr class=\"row-10\">\n\t<td class=\"column-1\">20<\/td><td class=\"column-2\">D\u00e9gaine<\/td><td class=\"column-3\">DMM Shadowspectre, 1 doigt fil et 1 plein<\/td><td class=\"column-4\">12 mm<\/td><td class=\"column-5\">7<\/td><td class=\"column-6\">10<\/td><td class=\"column-7\">20<\/td><td class=\"column-8\">13<\/td>\n<\/tr>\n<tr class=\"row-11\">\n\t<td class=\"column-1\">8<\/td><td class=\"column-2\">D\u00e9gaine<\/td><td class=\"column-3\">DMM Shadowspectre, 1 doigt fil et 1 plein<\/td><td class=\"column-4\">18 mm<\/td><td class=\"column-5\">7<\/td><td class=\"column-6\">10<\/td><td class=\"column-7\">20<\/td><td class=\"column-8\">13<\/td>\n<\/tr>\n<tr class=\"row-12\">\n\t<td class=\"column-1\">2<\/td><td class=\"column-2\">Syst\u00e8me d'assurage<\/td><td class=\"column-3\">Mammut Smart 2.0 noir<\/td><td class=\"column-4\">Corde \u00e0 8.7 et 10.5 mm<\/td><td class=\"column-5\">1<\/td><td class=\"column-6\">2<\/td><td class=\"column-7\">4<\/td><td class=\"column-8\">3<\/td>\n<\/tr>\n<tr class=\"row-13\">\n\t<td class=\"column-1\">6<\/td><td class=\"column-2\">Huit<\/td><td class=\"column-3\">Divers formats<\/td><td class=\"column-4\">5 standards, 1 petit<\/td><td class=\"column-5\">1<\/td><td class=\"column-6\">2<\/td><td class=\"column-7\">4<\/td><td class=\"column-8\">3<\/td>\n<\/tr>\n<tr class=\"row-14\">\n\t<td class=\"column-1\">2 x 2<\/td><td class=\"column-2\">Mousqueton \u00e0 vis<\/td><td class=\"column-3\">Mammut HMS noir (2x)<br \/>\nGrivel Mega orange (2x)<\/td><td class=\"column-4\"><\/td><td class=\"column-5\">1<\/td><td class=\"column-6\">2<\/td><td class=\"column-7\">4<\/td><td class=\"column-8\">3<\/td>\n<\/tr>\n<tr class=\"row-15\">\n\t<td class=\"column-1\">5<\/td><td class=\"column-2\">Coinceur standard<\/td><td class=\"column-3\"><\/td><td class=\"column-4\">4, 5, 6, 8, 10<\/td><td class=\"column-5\">1<\/td><td class=\"column-6\">2<\/td><td class=\"column-7\">4<\/td><td class=\"column-8\">3<\/td>\n<\/tr>\n<tr class=\"row-16\">\n\t<td class=\"column-1\">2<\/td><td class=\"column-2\">Coinceur hexagonal<\/td><td class=\"column-3\"><\/td><td class=\"column-4\">2, 8<\/td><td class=\"column-5\">1<\/td><td class=\"column-6\">2<\/td><td class=\"column-7\">4<\/td><td class=\"column-8\">3<\/td>\n<\/tr>\n<tr class=\"row-17\">\n\t<td class=\"column-1\">1<\/td><td class=\"column-2\">Pelle Basic #1<\/td><td class=\"column-3\">Non t\u00e9lescopique, (+sonde dans manche 160cm)<br \/>\n<\/td><td class=\"column-4\"><\/td><td class=\"column-5\">3<\/td><td class=\"column-6\">5<\/td><td class=\"column-7\">10<\/td><td class=\"column-8\">8<\/td>\n<\/tr>\n<tr class=\"row-18\">\n\t<td class=\"column-1\">2<\/td><td class=\"column-2\">Pelle Basic #2<\/td><td class=\"column-3\">Non t\u00e9lescopique<\/td><td class=\"column-4\"><\/td><td class=\"column-5\">3<\/td><td class=\"column-6\">5<\/td><td class=\"column-7\">10<\/td><td class=\"column-8\">8<\/td>\n<\/tr>\n<tr class=\"row-19\">\n\t<td class=\"column-1\">1<\/td><td class=\"column-2\">Pelle Premium<\/td><td class=\"column-3\">T\u00e9l\u00e9scopique<\/td><td class=\"column-4\"><\/td><td class=\"column-5\">3<\/td><td class=\"column-6\">5<\/td><td class=\"column-7\">10<\/td><td class=\"column-8\">8<\/td>\n<\/tr>\n<tr class=\"row-20\">\n\t<td class=\"column-1\">4<\/td><td class=\"column-2\">Sonde Premium<\/td><td class=\"column-3\">Black Diamond ''Super Tour Probe'', c\u00e2ble acier, housse de transport<\/td><td class=\"column-4\">Long : 265 cm<br \/>\nDiam : 13 mm<\/td><td class=\"column-5\">3<\/td><td class=\"column-6\">5<\/td><td class=\"column-7\">10<\/td><td class=\"column-8\">8<\/td>\n<\/tr>\n<tr class=\"row-21\">\n\t<td class=\"column-1\">4<\/td><td class=\"column-2\">Broche \u00e0 glace<\/td><td class=\"column-3\">3x \u00e0 manivelle (16 et 18cm); 1 simple\t<\/td><td class=\"column-4\">16cm (2x); 17cm (1x); 18 cm (1x)<\/td><td class=\"column-5\">3<\/td><td class=\"column-6\">5<\/td><td class=\"column-7\">10<\/td><td class=\"column-8\">8<\/td>\n<\/tr>\n<tr class=\"row-22\">\n\t<td class=\"column-1\">2<\/td><td class=\"column-2\">Raquette \u00e0 neige \"adulte\"<\/td><td class=\"column-3\">TSL mod\u00e8le 710 et 810 (2010)<\/td><td class=\"column-4\">23,5 \u00e0 37 (Taille Mondopoint)<\/td><td class=\"column-5\">8<\/td><td class=\"column-6\">13<\/td><td class=\"column-7\">25<\/td><td class=\"column-8\">15<\/td>\n<\/tr>\n<tr class=\"row-23\">\n\t<td class=\"column-1\">2<\/td><td class=\"column-2\">DVA Ortovox Zoom +<\/td><td class=\"column-3\">Arva (Techno limite en recherche)<\/td><td class=\"column-4\"><\/td><td class=\"column-5\">8<\/td><td class=\"column-6\">13<\/td><td class=\"column-7\">25<\/td><td class=\"column-8\">15<\/td>\n<\/tr>\n<tr class=\"row-24\">\n\t<td class=\"column-1\">1<\/td><td class=\"column-2\">Vid\u00e9o projecteur<\/td><td class=\"column-3\"><\/td><td class=\"column-4\"><\/td><td class=\"column-5\">15<\/td><td class=\"column-6\">20<\/td><td class=\"column-7\">45<\/td><td class=\"column-8\">30<\/td>\n<\/tr>\n<tr class=\"row-25\">\n\t<td class=\"column-1\">1<\/td><td class=\"column-2\">Ecran sur pied<\/td><td class=\"column-3\"><\/td><td class=\"column-4\"><\/td><td class=\"column-5\">5<\/td><td class=\"column-6\">8<\/td><td class=\"column-7\">15<\/td><td class=\"column-8\">10<\/td>\n<\/tr>\n<\/tbody>\n<\/table>\n<!-- #tablepress-3 from cache --><\/code><\/p>\n\n\n<p><em><strong>R\u00e8glement de location pour sortie priv\u00e9e ou pr\u00eat pour course du CAS<\/strong><\/em><br><em><br>Le mat\u00e9riel est \u00e0 disposition des membres gratuitement\u00a0pour les courses organis\u00e9es par le CAS Chasseron.<br>En cas de location, le paiement s&rsquo;effectue au retrait. Pour d\u00e9terminer le prix, nous comptons le nombre de jours d&rsquo;utilisation de l&rsquo;article lou\u00e9.<br><br>Les articles sont \u00e0 retourner propres.<br><br>L&rsquo;usure normale des articles de location est \u00e0 la charge du CAS Chasseron. L&rsquo;usure ou les dommages extraordinaires (caus\u00e9s p. ex. par une utilisation non conforme) ainsi que la perte de l&rsquo;article mis \u00e0 disposition sont \u00e0 la charge du preneur.<br><br>La mise \u00e0 disposition des articles de sport par le CAS Chasseron \u00e0 ses membres ne comprend pas de formation dans le domaine des sports de montagne. Le CAS Chasseron n&rsquo;est donc en aucun cas responsable des dommages dus \u00e0 une utilisation inappropri\u00e9e des articles mis \u00e0 disposition, au non-respect des mesures de pr\u00e9caution habituelles ou \u00e0 des raisons similaires.<br><br>Le mat\u00e9riel doit \u00eatre contr\u00f4l\u00e9 par le preneur avant son utilisation. Le CAS Chasseron ne serait \u00eatre tenu responsable \u00e0 l\u2019\u00e9gard du loueur ou des tiers des cons\u00e9quences directes ou indirectes, mat\u00e9rielles ou immat\u00e9rielles, suite \u00e0 l&rsquo;utilisation du bien mis \u00e0 disposition<br><br>Le pr\u00eat et la sous-location du mat\u00e9riel sont strictement interdits<br><br>En cas de vol, le preneur assume le remplacement du mat\u00e9riel vol\u00e9.\u00a0 \u00a0 \u00a0 \u00a0\u00a0<\/em><\/p>\n","protected":false},"excerpt":{"rendered":"<p>Le pr\u00eat du mat\u00e9riel est r\u00e9serv\u00e9 \u00e0 nos membres. Responsable mat\u00e9riel :Jean-Marie Leubajeanmarie.leuba@gmail.com+41 793 383 05 36 R\u00e8glement de location pour sortie priv\u00e9e ou pr\u00eat pour course du CASLe mat\u00e9riel &hellip; <\/p>\n<p class=\"link-more\"><a href=\"https:\/\/cas-chasseron.ch\/index.php\/materiel-empruntable\/\" class=\"more-link\">Continuer la lecture<span class=\"screen-reader-text\"> de &laquo;&nbsp;Mat\u00e9riel \u00e0 disposition de membres&nbsp;&raquo;<\/span><\/a><\/p>\n","protected":false},"author":1,"featured_media":0,"parent":0,"menu_order":0,"comment_status":"closed","ping_status":"closed","template":"","meta":{"footnotes":""},"class_list":["post-171","page","type-page","status-publish","hentry"],"_links":{"self":[{"href":"https:\/\/cas-chasseron.ch\/index.php\/wp-json\/wp\/v2\/pages\/171","targetHints":{"allow":["GET"]}}],"collection":[{"href":"https:\/\/cas-chasseron.ch\/index.php\/wp-json\/wp\/v2\/pages"}],"about":[{"href":"https:\/\/cas-chasseron.ch\/index.php\/wp-json\/wp\/v2\/types\/page"}],"author":[{"embeddable":true,"href":"https:\/\/cas-chasseron.ch\/index.php\/wp-json\/wp\/v2\/users\/1"}],"replies":[{"embeddable":true,"href":"https:\/\/cas-chasseron.ch\/index.php\/wp-json\/wp\/v2\/comments?post=171"}],"version-history":[{"count":11,"href":"https:\/\/cas-chasseron.ch\/index.php\/wp-json\/wp\/v2\/pages\/171\/revisions"}],"predecessor-version":[{"id":2464,"href":"https:\/\/cas-chasseron.ch\/index.php\/wp-json\/wp\/v2\/pages\/171\/revisions\/2464"}],"wp:attachment":[{"href":"https:\/\/cas-chasseron.ch\/index.php\/wp-json\/wp\/v2\/media?parent=171"}],"curies":[{"name":"wp","href":"https:\/\/api.w.org\/{rel}","templated":true}]}}