{"id":25,"date":"2022-07-05T12:17:11","date_gmt":"2022-07-05T12:17:11","guid":{"rendered":"http:\/\/test.cas-chasseron.ch\/wordpress\/?page_id=25"},"modified":"2025-09-16T07:15:24","modified_gmt":"2025-09-16T05:15:24","slug":"membres","status":"publish","type":"page","link":"https:\/\/cas-chasseron.ch\/index.php\/membres\/","title":{"rendered":"Comit\u00e9"},"content":{"rendered":"\n<p>Le comit\u00e9 est compos\u00e9 des personnes suivantes : <br><\/p>\n\n\n\n<div class=\"wp-block-group\"><div class=\"wp-block-group__inner-container is-layout-constrained wp-block-group-is-layout-constrained\">\n<figure class=\"wp-block-table is-style-stripes\"><table><tbody><tr><td>Statut<\/td><td>Nom<\/td><td>T\u00e9l\u00e9phone<\/td><td>Email<\/td><\/tr><tr><td>Pr\u00e9sident<\/td><td>KOCHER Charly<\/td><td>+41 79 219 52 27<\/td><td><a href=\"mailto:charly.kocher@bluewin.ch\" target=\"_blank\" rel=\"noreferrer noopener\">charly.kocher@bluewin.ch<\/a><\/td><\/tr><tr><td>Vice &#8211; pr\u00e9sident<\/td><td>STIRNEMANN Florian<\/td><td>+41 78 618 18 10<\/td><td><a href=\"mailto:florian.stirnemann@bluewin.ch\" target=\"_blank\" rel=\"noreferrer noopener\">f.stirnemann@bluewin.ch<\/a><\/td><\/tr><tr><td>Responsable des finances<\/td><td>PERRIN Fran\u00e7ois<\/td><td>+41 79 253 98 46<\/td><td><a href=\"mailto:caissier.cas@gmail.com\">caissier.cas@gmail.com<\/a><\/td><\/tr><tr><td>Secr\u00e9taire<\/td><td>VAUCHER Isabelle<\/td><td>+41 79 626 31 26<\/td><td><a href=\"mailto:info@cas-chasseron.ch\">info@cas-chasseron.ch<\/a><\/td><\/tr><tr><td>Responsable technique et courses<\/td><td>BEUCHAT Florian<\/td><td>+41 79 903 89 61<\/td><td><a href=\"florian.beuchat@gmail.com\" data-type=\"link\" data-id=\"florian.beuchat@gmail.com\">florian.beuchat@gmail.com<\/a><\/td><\/tr><tr><td>Responsable mat\u00e9riel<\/td><td>LEUBA Jean-Marie<\/td><td>+41 79 383 05 36<\/td><td><a href=\"mailto:jeanmarie.leuba@gmail.com\">jeanmarie.leuba@gmail.com<\/a><\/td><\/tr><tr><td>Responsable Jeunesse<\/td><td>GROSRENAUD Paul<\/td><td>+41 79 151 64 60<\/td><td><a href=\"mailto:paulgrosrenaud@gmail.ch\" target=\"_blank\" rel=\"noreferrer noopener\">paulgrosrenaud@gmail.ch<\/a><\/td><\/tr><tr><td>Intendant des Illars<\/td><td>BAISERO Jean<\/td><td>+ 41 78 602 03 05<\/td><td><a href=\"mailto:j.baisero@bluewin.ch\" target=\"_blank\" rel=\"noreferrer noopener\">j.baisero@bluewin.ch<\/a><\/td><\/tr><tr><td>Intendant de la Singla<\/td><td>BLASER Julien<\/td><td>+41 79 746 19 61<\/td><td><a href=\"mailto:singla@cas-chasseron.ch\">singla@cas-chasseron.ch<\/a><\/td><\/tr><tr><td>R\u00e9daction du bulletin<\/td><td>RACHETER Sandrine<\/td><td>+41 79 859 80 02<\/td><td><a href=\"mailto:info@samilu.ch\" target=\"_blank\" rel=\"noreferrer noopener\">info@samilu.ch<\/a><\/td><\/tr><\/tbody><\/table><\/figure>\n\n\n\n<p><\/p>\n<\/div><\/div>\n\n\n\n<p><\/p>\n","protected":false},"excerpt":{"rendered":"<p>Le comit\u00e9 est compos\u00e9 des personnes suivantes : Statut Nom T\u00e9l\u00e9phone Email Pr\u00e9sident KOCHER Charly +41 79 219 52 27 charly.kocher@bluewin.ch Vice &#8211; pr\u00e9sident STIRNEMANN Florian +41 78 618 18 &hellip; <\/p>\n<p class=\"link-more\"><a href=\"https:\/\/cas-chasseron.ch\/index.php\/membres\/\" class=\"more-link\">Continuer la lecture<span class=\"screen-reader-text\"> de &laquo;&nbsp;Comit\u00e9&nbsp;&raquo;<\/span><\/a><\/p>\n","protected":false},"author":1,"featured_media":0,"parent":0,"menu_order":0,"comment_status":"closed","ping_status":"closed","template":"","meta":{"footnotes":""},"class_list":["post-25","page","type-page","status-publish","hentry"],"_links":{"self":[{"href":"https:\/\/cas-chasseron.ch\/index.php\/wp-json\/wp\/v2\/pages\/25","targetHints":{"allow":["GET"]}}],"collection":[{"href":"https:\/\/cas-chasseron.ch\/index.php\/wp-json\/wp\/v2\/pages"}],"about":[{"href":"https:\/\/cas-chasseron.ch\/index.php\/wp-json\/wp\/v2\/types\/page"}],"author":[{"embeddable":true,"href":"https:\/\/cas-chasseron.ch\/index.php\/wp-json\/wp\/v2\/users\/1"}],"replies":[{"embeddable":true,"href":"https:\/\/cas-chasseron.ch\/index.php\/wp-json\/wp\/v2\/comments?post=25"}],"version-history":[{"count":15,"href":"https:\/\/cas-chasseron.ch\/index.php\/wp-json\/wp\/v2\/pages\/25\/revisions"}],"predecessor-version":[{"id":2425,"href":"https:\/\/cas-chasseron.ch\/index.php\/wp-json\/wp\/v2\/pages\/25\/revisions\/2425"}],"wp:attachment":[{"href":"https:\/\/cas-chasseron.ch\/index.php\/wp-json\/wp\/v2\/media?parent=25"}],"curies":[{"name":"wp","href":"https:\/\/api.w.org\/{rel}","templated":true}]}}