{"id":36,"date":"2022-07-05T12:17:11","date_gmt":"2022-07-05T12:17:11","guid":{"rendered":"http:\/\/test.cas-chasseron.ch\/wordpress\/?page_id=36"},"modified":"2024-02-17T18:14:48","modified_gmt":"2024-02-17T17:14:48","slug":"nouveautes","status":"publish","type":"page","link":"https:\/\/cas-chasseron.ch\/index.php\/nouveautes\/","title":{"rendered":"News"},"content":{"rendered":"<ul class=\"wp-block-latest-posts__list wp-block-latest-posts\"><li><a class=\"wp-block-latest-posts__post-title\" href=\"https:\/\/cas-chasseron.ch\/index.php\/2026\/04\/06\/bulletin-avril-2026\/\">Bulletin Avril 2026<\/a><div class=\"wp-block-latest-posts__post-full-content\"><!-- wp:file {\"id\":2607,\"href\":\"https:\/\/cas-chasseron.ch\/wp-content\/uploads\/2026\/04\/No-02_avril_2026.pdf\",\"displayPreview\":true} -->\n<div class=\"wp-block-file\"><object class=\"wp-block-file__embed\" data=\"https:\/\/cas-chasseron.ch\/wp-content\/uploads\/2026\/04\/No-02_avril_2026.pdf\" type=\"application\/pdf\" style=\"width:100%;height:600px\" aria-label=\"No-02_avril_2026\"><\/object><a id=\"wp-block-file--media-98ea8cba-a02d-4c90-af13-bb7d348fce45\" href=\"https:\/\/cas-chasseron.ch\/wp-content\/uploads\/2026\/04\/No-02_avril_2026.pdf\">No-02_avril_2026<\/a><a href=\"https:\/\/cas-chasseron.ch\/wp-content\/uploads\/2026\/04\/No-02_avril_2026.pdf\" class=\"wp-block-file__button wp-element-button\" download aria-describedby=\"wp-block-file--media-98ea8cba-a02d-4c90-af13-bb7d348fce45\">T\u00e9l\u00e9charger<\/a><\/div>\n<!-- \/wp:file --><\/div><\/li>\n<li><a class=\"wp-block-latest-posts__post-title\" href=\"https:\/\/cas-chasseron.ch\/index.php\/2026\/02\/08\/bulletin-fevrier-2026\/\">Bulletin F\u00e9vrier 2026<\/a><div class=\"wp-block-latest-posts__post-full-content\"><!-- wp:file {\"id\":2579,\"href\":\"https:\/\/cas-chasseron.ch\/wp-content\/uploads\/2026\/02\/No-01_fevrier_2026.pdf\",\"displayPreview\":true} -->\n<div class=\"wp-block-file\"><object class=\"wp-block-file__embed\" data=\"https:\/\/cas-chasseron.ch\/wp-content\/uploads\/2026\/02\/No-01_fevrier_2026.pdf\" type=\"application\/pdf\" style=\"width:100%;height:600px\" aria-label=\"No-01_fevrier_2026\"><\/object><a id=\"wp-block-file--media-9b7c9618-002a-4ffb-9c8d-10a25736c299\" href=\"https:\/\/cas-chasseron.ch\/wp-content\/uploads\/2026\/02\/No-01_fevrier_2026.pdf\">No-01_fevrier_2026<\/a><a href=\"https:\/\/cas-chasseron.ch\/wp-content\/uploads\/2026\/02\/No-01_fevrier_2026.pdf\" class=\"wp-block-file__button wp-element-button\" download aria-describedby=\"wp-block-file--media-9b7c9618-002a-4ffb-9c8d-10a25736c299\">T\u00e9l\u00e9charger<\/a><\/div>\n<!-- \/wp:file --><\/div><\/li>\n<li><a class=\"wp-block-latest-posts__post-title\" href=\"https:\/\/cas-chasseron.ch\/index.php\/2026\/01\/07\/bulletin-de-decembre\/\">Bulletin de d\u00e9cembre<\/a><div class=\"wp-block-latest-posts__post-full-content\"><!-- wp:file {\"id\":2550,\"href\":\"https:\/\/cas-chasseron.ch\/wp-content\/uploads\/2026\/01\/No-05_decembre_2025.pdf\",\"displayPreview\":true} -->\n<div class=\"wp-block-file\"><object class=\"wp-block-file__embed\" data=\"https:\/\/cas-chasseron.ch\/wp-content\/uploads\/2026\/01\/No-05_decembre_2025.pdf\" type=\"application\/pdf\" style=\"width:100%;height:600px\" aria-label=\"No-05_decembre_2025\"><\/object><a id=\"wp-block-file--media-4d810632-dcb3-4c17-a0bc-c1c0599af601\" href=\"https:\/\/cas-chasseron.ch\/wp-content\/uploads\/2026\/01\/No-05_decembre_2025.pdf\">No-05_decembre_2025<\/a><a href=\"https:\/\/cas-chasseron.ch\/wp-content\/uploads\/2026\/01\/No-05_decembre_2025.pdf\" class=\"wp-block-file__button wp-element-button\" download aria-describedby=\"wp-block-file--media-4d810632-dcb3-4c17-a0bc-c1c0599af601\">T\u00e9l\u00e9charger<\/a><\/div>\n<!-- \/wp:file --><\/div><\/li>\n<li><a class=\"wp-block-latest-posts__post-title\" href=\"https:\/\/cas-chasseron.ch\/index.php\/2026\/01\/02\/date-assemblee-generale\/\">Date assembl\u00e9e g\u00e9n\u00e9rale<\/a><div class=\"wp-block-latest-posts__post-full-content\"><!-- wp:paragraph -->\n<p>La date pour l&rsquo;AG sera le 13 f\u00e9vrier et non le 14 comme annonc\u00e9 dans le bulletin ! <\/p>\n<!-- \/wp:paragraph --><\/div><\/li>\n<li><a class=\"wp-block-latest-posts__post-title\" href=\"https:\/\/cas-chasseron.ch\/index.php\/2025\/09\/30\/banquet-2025\/\">Banquet 2025<\/a><div class=\"wp-block-latest-posts__post-full-content\"><!-- wp:paragraph -->\n<p>Inscription jusqu\u2019au 30 octobre, dernier d\u00e9lai au 079 219 52 27 ou charly.kocher@bluewin.ch<\/p>\n<!-- \/wp:paragraph -->\n\n<!-- wp:paragraph -->\n<p><\/p>\n<!-- \/wp:paragraph --><\/div><\/li>\n<\/ul>\n\n\n<h2 class=\"wp-block-heading\"><\/h2>\n","protected":false},"excerpt":{"rendered":"","protected":false},"author":3,"featured_media":0,"parent":0,"menu_order":0,"comment_status":"closed","ping_status":"closed","template":"","meta":{"footnotes":""},"class_list":["post-36","page","type-page","status-publish","hentry"],"_links":{"self":[{"href":"https:\/\/cas-chasseron.ch\/index.php\/wp-json\/wp\/v2\/pages\/36","targetHints":{"allow":["GET"]}}],"collection":[{"href":"https:\/\/cas-chasseron.ch\/index.php\/wp-json\/wp\/v2\/pages"}],"about":[{"href":"https:\/\/cas-chasseron.ch\/index.php\/wp-json\/wp\/v2\/types\/page"}],"author":[{"embeddable":true,"href":"https:\/\/cas-chasseron.ch\/index.php\/wp-json\/wp\/v2\/users\/3"}],"replies":[{"embeddable":true,"href":"https:\/\/cas-chasseron.ch\/index.php\/wp-json\/wp\/v2\/comments?post=36"}],"version-history":[{"count":8,"href":"https:\/\/cas-chasseron.ch\/index.php\/wp-json\/wp\/v2\/pages\/36\/revisions"}],"predecessor-version":[{"id":1740,"href":"https:\/\/cas-chasseron.ch\/index.php\/wp-json\/wp\/v2\/pages\/36\/revisions\/1740"}],"wp:attachment":[{"href":"https:\/\/cas-chasseron.ch\/index.php\/wp-json\/wp\/v2\/media?parent=36"}],"curies":[{"name":"wp","href":"https:\/\/api.w.org\/{rel}","templated":true}]}}