{"id":778,"date":"2022-10-24T15:34:12","date_gmt":"2022-10-24T13:34:12","guid":{"rendered":"http:\/\/test.cas-chasseron.ch\/wordpress\/?page_id=778"},"modified":"2024-08-21T19:06:39","modified_gmt":"2024-08-21T17:06:39","slug":"courses","status":"publish","type":"page","link":"https:\/\/cas-chasseron.ch\/index.php\/courses\/","title":{"rendered":"Courses"},"content":{"rendered":"\n<p>Notre section organise plusieurs activit\u00e9s tout au long de l&rsquo;ann\u00e9e :<br>Alpinisme, canyoning, escalade, raquette, randonn\u00e9e, ski de fond, ski de piste, ski de randonn\u00e9e, trail, vtt, &#8230;<\/p>\n\n\n\n<div data-wp-interactive=\"core\/file\" class=\"wp-block-file\"><object data-wp-bind--hidden=\"!state.hasPdfPreview\" hidden class=\"wp-block-file__embed\" data=\"https:\/\/cas-chasseron.ch\/wp-content\/uploads\/2024\/08\/Planning-des-courses-2024_21-aout-2024.pdf\" type=\"application\/pdf\" style=\"width:100%;height:600px\" aria-label=\"Contenu embarqu\u00e9 Planning des courses 2024_21 aout 2024.\"><\/object><a id=\"wp-block-file--media-40650761-5f89-4f89-8f36-930ae4013c85\" href=\"https:\/\/cas-chasseron.ch\/wp-content\/uploads\/2024\/08\/Planning-des-courses-2024_21-aout-2024.pdf\">Planning des courses 2024_21 aout 2024<\/a><a href=\"https:\/\/cas-chasseron.ch\/wp-content\/uploads\/2024\/08\/Planning-des-courses-2024_21-aout-2024.pdf\" class=\"wp-block-file__button wp-element-button\" download aria-describedby=\"wp-block-file--media-40650761-5f89-4f89-8f36-930ae4013c85\">T\u00e9l\u00e9charger<\/a><\/div>\n","protected":false},"excerpt":{"rendered":"<p>Notre section organise plusieurs activit\u00e9s tout au long de l&rsquo;ann\u00e9e :Alpinisme, canyoning, escalade, raquette, randonn\u00e9e, ski de fond, ski de piste, ski de randonn\u00e9e, trail, vtt, &#8230;<\/p>\n","protected":false},"author":3,"featured_media":0,"parent":0,"menu_order":0,"comment_status":"closed","ping_status":"closed","template":"","meta":{"footnotes":""},"class_list":["post-778","page","type-page","status-publish","hentry"],"_links":{"self":[{"href":"https:\/\/cas-chasseron.ch\/index.php\/wp-json\/wp\/v2\/pages\/778","targetHints":{"allow":["GET"]}}],"collection":[{"href":"https:\/\/cas-chasseron.ch\/index.php\/wp-json\/wp\/v2\/pages"}],"about":[{"href":"https:\/\/cas-chasseron.ch\/index.php\/wp-json\/wp\/v2\/types\/page"}],"author":[{"embeddable":true,"href":"https:\/\/cas-chasseron.ch\/index.php\/wp-json\/wp\/v2\/users\/3"}],"replies":[{"embeddable":true,"href":"https:\/\/cas-chasseron.ch\/index.php\/wp-json\/wp\/v2\/comments?post=778"}],"version-history":[{"count":20,"href":"https:\/\/cas-chasseron.ch\/index.php\/wp-json\/wp\/v2\/pages\/778\/revisions"}],"predecessor-version":[{"id":2046,"href":"https:\/\/cas-chasseron.ch\/index.php\/wp-json\/wp\/v2\/pages\/778\/revisions\/2046"}],"wp:attachment":[{"href":"https:\/\/cas-chasseron.ch\/index.php\/wp-json\/wp\/v2\/media?parent=778"}],"curies":[{"name":"wp","href":"https:\/\/api.w.org\/{rel}","templated":true}]}}